{"id":2110,"date":"2021-07-09T15:52:49","date_gmt":"2021-07-09T15:52:49","guid":{"rendered":"http:\/\/mariateresaperlottiarte.it\/?page_id=2110"},"modified":"2021-07-12T14:51:18","modified_gmt":"2021-07-12T14:51:18","slug":"privacy-policy","status":"publish","type":"page","link":"https:\/\/mariateresaperlottiarte.it\/en\/privacy-policy\/","title":{"rendered":"Privacy Policy"},"content":{"rendered":"<div data-elementor-type=\"wp-page\" data-elementor-id=\"2110\" class=\"elementor elementor-2110\">\n\t\t\t\t\t\t\t\t\t<section class=\"elementor-section elementor-top-section elementor-element elementor-element-d3de54c elementor-section-boxed elementor-section-height-default elementor-section-height-default\" data-id=\"d3de54c\" data-element_type=\"section\">\n\t\t\t\t\t\t<div class=\"elementor-container elementor-column-gap-default\">\n\t\t\t\t\t<div class=\"elementor-column elementor-col-100 elementor-top-column elementor-element elementor-element-f2590a3\" data-id=\"f2590a3\" data-element_type=\"column\">\n\t\t\t<div class=\"elementor-widget-wrap elementor-element-populated\">\n\t\t\t\t\t\t\t\t<div class=\"elementor-element elementor-element-8061fc6 elementor-widget elementor-widget-heading\" data-id=\"8061fc6\" data-element_type=\"widget\" data-widget_type=\"heading.default\">\n\t\t\t\t<div class=\"elementor-widget-container\">\n\t\t\t<h2 class=\"elementor-heading-title elementor-size-default\">Privacy policy<\/h2>\t\t<\/div>\n\t\t\t\t<\/div>\n\t\t\t\t\t<\/div>\n\t\t<\/div>\n\t\t\t\t\t\t\t<\/div>\n\t\t<\/section>\n\t\t\t\t<section class=\"elementor-section elementor-top-section elementor-element elementor-element-76466cf elementor-section-boxed elementor-section-height-default elementor-section-height-default\" data-id=\"76466cf\" data-element_type=\"section\">\n\t\t\t\t\t\t<div class=\"elementor-container elementor-column-gap-default\">\n\t\t\t\t\t<div class=\"elementor-column elementor-col-100 elementor-top-column elementor-element elementor-element-64fd1f0\" data-id=\"64fd1f0\" data-element_type=\"column\">\n\t\t\t<div class=\"elementor-widget-wrap elementor-element-populated\">\n\t\t\t\t\t\t\t\t<div class=\"elementor-element elementor-element-6e49c26 elementor-widget elementor-widget-text-editor\" data-id=\"6e49c26\" data-element_type=\"widget\" data-widget_type=\"text-editor.default\">\n\t\t\t\t<div class=\"elementor-widget-container\">\n\t\t\t\t\t\t\t<p data-sanitized-data-mce-fragment=\"1\">This Privacy Policy describes how this site www.mariateresaperlottiarte.com collects, uses and discloses your Personal Information when you visit or make a purchase from the Site.<\/p><p data-sanitized-data-mce-fragment=\"1\">The data controller pursuant to EU Regulation 2016\/679 of the European Parliament and of the Council of 27 April 2016 and subsequent amendments and additions is:\u00a0<\/p><p data-sanitized-data-mce-fragment=\"1\">\u00a0<\/p><p data-sanitized-data-mce-fragment=\"1\"><strong data-sanitized-data-mce-fragment=\"1\">Collection of personal information<\/strong><\/p><p data-sanitized-data-mce-fragment=\"1\">When you visit the Site, we collect certain information about your device, your interaction with the Site and the information necessary to process your purchases. We can also collect additional information if you contact us for customer support. In this Privacy Policy, we refer to any information that can uniquely identify an individual (including the information below) as \"Personal Information\". See the list below for more information on what personal information we collect and why.<\/p><p data-sanitized-data-mce-fragment=\"1\">\u00a0<\/p><p data-sanitized-data-mce-fragment=\"1\"><strong data-sanitized-data-mce-fragment=\"1\">Information relating to the use of the device<\/strong><\/p><p data-sanitized-data-mce-fragment=\"1\">Examples of personal information collected: web browser version, IP address, time zone, cookie information, which sites or products you view, search terms and how you interact with the site.<\/p><p data-sanitized-data-mce-fragment=\"1\">Purpose of the collection: to load the site accurately for the user, and perform analysis on the use of the site to optimize our site.<\/p><p data-sanitized-data-mce-fragment=\"1\">Source of collection: Automatic collection when you access our Site using cookies, log files, web beacons, tags or pixels.<\/p><p data-sanitized-data-mce-fragment=\"1\">Disclosure for a commercial purpose: Information is shared with our technology partner Shopify<\/p><p data-sanitized-data-mce-fragment=\"1\">\u00a0<\/p><p data-sanitized-data-mce-fragment=\"1\"><strong data-sanitized-data-mce-fragment=\"1\">Information relating to the order management procedure<\/strong><\/p><p data-sanitized-data-mce-fragment=\"1\">Examples of personal information collected:<\/p><p data-sanitized-data-mce-fragment=\"1\">name, billing address, shipping address, payment information (including credit card numbers, email address and telephone number.<\/p><p data-sanitized-data-mce-fragment=\"1\">Purpose of Collection: To provide products or services to you to fulfill our contract, process your payment information, arrange shipment, and provide you with invoices and \/ or order confirmations, communicate with you, check our orders for potential risks or fraud, and when in line with the preferences you have shared with us, provide you with information or advertising relating to our products or services.<\/p><p data-sanitized-data-mce-fragment=\"1\">Source of collection: collected by you.<\/p><p data-sanitized-data-mce-fragment=\"1\">Disclosure for a Business Purpose: Shared with our technology partner Shopify.<\/p><p data-sanitized-data-mce-fragment=\"1\">\u00a0<\/p><p data-sanitized-data-mce-fragment=\"1\"><strong data-sanitized-data-mce-fragment=\"1\">Customer service information<\/strong><\/p><p data-sanitized-data-mce-fragment=\"1\">Examples of personal information collected: name, telephone number, email, address, information provided relating to the problem<\/p><p data-sanitized-data-mce-fragment=\"1\">Purpose of collection: to provide customer support.<\/p><p data-sanitized-data-mce-fragment=\"1\">Source of collection: collected by you.<\/p><p data-sanitized-data-mce-fragment=\"1\">Disclosure for a commercial purpose: none.<\/p><p data-sanitized-data-mce-fragment=\"1\">\u00a0<\/p><p data-sanitized-data-mce-fragment=\"1\"><strong data-sanitized-data-mce-fragment=\"1\">Minors<\/strong><\/p><p data-sanitized-data-mce-fragment=\"1\">The Site is not intended for individuals under the age of 18. We do not intentionally collect personal information about minors. If you are a parent or guardian and you believe that your child has provided us with personal information, contact us at the address below to request cancellation.<\/p><p data-sanitized-data-mce-fragment=\"1\">\u00a0<\/p><p data-sanitized-data-mce-fragment=\"1\"><strong data-sanitized-data-mce-fragment=\"1\">Sharing of personal information<\/strong><\/p><p data-sanitized-data-mce-fragment=\"1\">We share your Personal Information with service providers to help us provide our services and fulfill our contracts with you (order collection, shipping management, accounting and tax observation, customer service), as described above. For instance:<\/p><p data-sanitized-data-mce-fragment=\"1\">Usiamo Shopify per far funzionare il nostro negozio online. Puoi leggere di pi\u00f9 su come Shopify utilizza i tuoi dati personali qui: https:\/\/www.shopify.com\/legal\/privacy.<\/p><p data-sanitized-data-mce-fragment=\"1\">Possiamo condividere i tuoi dati personali per rispettare le leggi e i regolamenti applicabili, per rispondere a un mandato di comparizione, a un mandato di perquisizione o ad altre richieste legali di informazioni che riceviamo, o per proteggere in altro modo i nostri diritti.<\/p><p data-sanitized-data-mce-fragment=\"1\"><strong data-sanitized-data-mce-fragment=\"1\">Pubblicit\u00e0 comportamentale<\/strong><\/p><p data-sanitized-data-mce-fragment=\"1\">Come descritto in precedenza, utilizziamo i tuoi dati personali per fornirti pubblicit\u00e0 mirata o comunicazioni di marketing che riteniamo possano essere di tuo interesse. Per esempio:<\/p><p data-sanitized-data-mce-fragment=\"1\">Usiamo Google Analytics per aiutarci a capire come i nostri clienti utilizzano il Sito. Puoi leggere di pi\u00f9 su come Google utilizza i tuoi dati personali qui: <a href=\"https:\/\/policies.google.com\/privacy?hl=en\" data-sanitized-data-mce-fragment=\"1\" data-sanitized-data-mce-href=\"https:\/\/policies.google.com\/privacy?hl=en\">https:\/\/policies.google.com\/privacy?hl=it<\/a><\/p><p data-sanitized-data-mce-fragment=\"1\">Tu\u00a0puoi anche rinunciare a Google Analytics qui: <a href=\"https:\/\/tools.google.com\/dlpage\/gaoptout\" data-sanitized-data-mce-fragment=\"1\" data-sanitized-data-mce-href=\"https:\/\/tools.google.com\/dlpage\/gaoptout\">https:\/\/tools.google.com\/dlpage\/gaoptout<\/a>.<\/p><p data-sanitized-data-mce-fragment=\"1\">Condividiamo con i nostri partner pubblicitari le informazioni sul tuo utilizzo del Sito, sui tuoi acquisti e sulla tua interazione con i nostri annunci su altri siti web. Raccogliamo e condividiamo alcune di queste informazioni direttamente con i nostri partner pubblicitari, e in alcuni casi attraverso l&#8217;uso di cookie o altre tecnologie simili (a cui potresti acconsentire, a seconda della tua posizione).<\/p><p data-sanitized-data-mce-fragment=\"1\">Per ulteriori informazioni su come funziona la pubblicit\u00e0 mirata, \u00e8 possibile visitare la pagina educativa della Network Advertising Initiative (&#8220;NAI&#8221;) su http:\/\/www.networkadvertising.org\/understanding-online-advertising\/how-does-it-work.<\/p><p data-sanitized-data-mce-fragment=\"1\">\u00c8 possibile rinunciare alla pubblicit\u00e0 mirata da:<\/p><p data-sanitized-data-mce-fragment=\"1\">FACEBOOK &#8211; https:\/\/www.facebook.com\/settings\/?tab=ads<\/p><p data-sanitized-data-mce-fragment=\"1\">GOOGLE &#8211; https:\/\/www.google.com\/settings\/ads\/anonymous<\/p><p data-sanitized-data-mce-fragment=\"1\">BING &#8211; https:\/\/advertise.bingads.microsoft.com\/en-us\/resources\/policies\/personalized-ads]<\/p><p data-sanitized-data-mce-fragment=\"1\">Inoltre, \u00e8 possibile rinunciare ad alcuni di questi servizi visitando il portale di opt-out della Digital Advertising Alliance all&#8217;indirizzo: http:\/\/optout.aboutads.info\/.<\/p><p data-sanitized-data-mce-fragment=\"1\">\u00a0<\/p><p data-sanitized-data-mce-fragment=\"1\"><strong data-sanitized-data-mce-fragment=\"1\">Utilizzo delle informazioni personali<\/strong><\/p><p data-sanitized-data-mce-fragment=\"1\">Utilizziamo le tue informazioni personali per fornirti i nostri servizi, che includono: l&#8217;offerta di prodotti in vendita, l&#8217;elaborazione dei pagamenti, la spedizione e l&#8217;evasione dell&#8217;ordine, e l&#8217;aggiornamento su nuovi prodotti, servizi e offerte.<\/p><p data-sanitized-data-mce-fragment=\"1\">\u00a0<\/p><p data-sanitized-data-mce-fragment=\"1\"><strong data-sanitized-data-mce-fragment=\"1\">Base giuridica<\/strong><\/p><p data-sanitized-data-mce-fragment=\"1\">Ai sensi del regolamento generale sulla protezione dei dati (&#8220;GDPR&#8221;), se sei residente nello Spazio economico europeo (&#8220;SEE&#8221;), trattiamo i tuoi dati personali in base alle seguenti basi legali:<\/p><p data-sanitized-data-mce-fragment=\"1\">Il tuo consenso;<\/p><p data-sanitized-data-mce-fragment=\"1\">L&#8217;esecuzione del contratto tra te e il Sito;<\/p><p data-sanitized-data-mce-fragment=\"1\">Conformit\u00e0 con i nostri obblighi legali;<\/p><p data-sanitized-data-mce-fragment=\"1\">Per proteggere i tuoi interessi vitali;<\/p><p data-sanitized-data-mce-fragment=\"1\">Per eseguire un compito svolto nell&#8217;interesse pubblico;<\/p><p data-sanitized-data-mce-fragment=\"1\">Per i nostri legittimi interessi, che non prevalgono sui tuoi diritti e libert\u00e0 fondamentali.<\/p><p data-sanitized-data-mce-fragment=\"1\">\u00a0<\/p><p data-sanitized-data-mce-fragment=\"1\"><strong data-sanitized-data-mce-fragment=\"1\">Conservazione<\/strong><\/p><p data-sanitized-data-mce-fragment=\"1\">Quando effettui un ordine attraverso il sito, conserveremo le tue informazioni personali per i nostri archivi a meno che e fino a quando non ci chiederai di cancellarle. Per maggiori informazioni sul tuo diritto di cancellazione, consulta la sezione &#8220;I tuoi diritti&#8221; qui sotto.<\/p><p data-sanitized-data-mce-fragment=\"1\">\u00a0<\/p><p data-sanitized-data-mce-fragment=\"1\"><strong data-sanitized-data-mce-fragment=\"1\">Processo decisionale automatico<\/strong><\/p><p data-sanitized-data-mce-fragment=\"1\">Se sei residente nel SEE, hai il diritto di opporti al trattamento basato esclusivamente sul processo decisionale automatizzato (che include la profilazione), quando tale processo decisionale ha un effetto legale su di te o comunque ti riguarda in modo significativo.<\/p><p data-sanitized-data-mce-fragment=\"1\">Noi NON ci impegniamo in un processo decisionale completamente automatizzato che ha un effetto legale o comunque significativo utilizzando i dati dei clienti.<\/p><p data-sanitized-data-mce-fragment=\"1\">Il nostro partner tecnologico Shopify utilizza un processo decisionale automatizzato limitato per prevenire le frodi che non ha un effetto legale o comunque significativo su di te.<\/p><p data-sanitized-data-mce-fragment=\"1\">I servizi che includono elementi di processo decisionale automatizzato includono:<\/p><p data-sanitized-data-mce-fragment=\"1\">Denylist temporanea di indirizzi IP associati a transazioni fallite ripetute. Questa denylist persiste per un piccolo numero di ore.<\/p><p data-sanitized-data-mce-fragment=\"1\">Denylist temporanea di carte di credito associate a indirizzi IP denylistati. Questa lista d&#8217;attesa persiste per un piccolo numero di giorni.<\/p><p data-sanitized-data-mce-fragment=\"1\">\u00a0<\/p><p data-sanitized-data-mce-fragment=\"1\"><strong data-sanitized-data-mce-fragment=\"1\">Vendere informazioni personali<\/strong><\/p><p data-sanitized-data-mce-fragment=\"1\">Il nostro sito NON vende informazioni personali, come definito dal California Consumer Privacy Act del 2018 (&#8220;CCPA&#8221;).<\/p><p data-sanitized-data-mce-fragment=\"1\">\u00a0<\/p><p data-sanitized-data-mce-fragment=\"1\"><strong data-sanitized-data-mce-fragment=\"1\">I tuoi diritti<\/strong><\/p><p data-sanitized-data-mce-fragment=\"1\">\u00a0<\/p><p data-sanitized-data-mce-fragment=\"1\">GDPR<\/p><p data-sanitized-data-mce-fragment=\"1\">Se sei residente nel SEE, hai il diritto di accedere ai tuoi dati personali in nostro possesso, di trasferirli a un nuovo servizio e di chiedere che i tuoi dati personali siano corretti, aggiornati o cancellati. Se desideri esercitare questi diritti, contattaci attraverso le informazioni di contatto qui sotto.<\/p><p data-sanitized-data-mce-fragment=\"1\">\u00a0<\/p><p data-sanitized-data-mce-fragment=\"1\">I vostri dati personali saranno inizialmente elaborati in Irlanda e poi saranno trasferiti al di fuori dell&#8217;Europa per la conservazione e l&#8217;ulteriore elaborazione, anche in Canada e negli Stati Uniti. Per ulteriori informazioni su come i trasferimenti di dati sono conformi al GDPR, consultare il GDPR Whitepaper di Shopify: https:\/\/help.shopify.com\/en\/manual\/your-account\/privacy\/GDPR.<\/p><p data-sanitized-data-mce-fragment=\"1\">\u00a0<\/p><p data-sanitized-data-mce-fragment=\"1\">\u00a0<\/p><p data-sanitized-data-mce-fragment=\"1\">CCPA<\/p><p data-sanitized-data-mce-fragment=\"1\">Se siete residenti in California, avete il diritto di accedere ai vostri dati personali in nostro possesso (noto anche come &#8220;diritto di sapere&#8221;), di trasferirli a un nuovo servizio e di chiedere che i vostri dati personali siano corretti, aggiornati o cancellati. Se desideri esercitare questi diritti, contattaci attraverso le informazioni di contatto qui sotto.<\/p><p data-sanitized-data-mce-fragment=\"1\">Se desideri designare un agente autorizzato a presentare queste richieste per tuo conto, contattaci all&#8217;indirizzo sottostante.<\/p><p data-sanitized-data-mce-fragment=\"1\">\u00a0<\/p><p data-sanitized-data-mce-fragment=\"1\"><strong data-sanitized-data-mce-fragment=\"1\">Cookie<\/strong><\/p><p data-sanitized-data-mce-fragment=\"1\">Un cookie \u00e8 una piccola quantit\u00e0 di informazioni che viene scaricata sul tuo computer o dispositivo quando visiti il nostro sito. Utilizziamo una serie di cookie diversi, tra cui cookie funzionali, di performance, pubblicitari e di social media o di contenuto. I cookie rendono la tua esperienza di navigazione migliore permettendo al sito web di ricordare le tue azioni e preferenze (come il login e la selezione della regione). Questo significa che non devi reinserire queste informazioni ogni volta che torni al sito o navighi da una pagina all&#8217;altra. I cookie forniscono anche informazioni su come le persone usano il sito, per esempio se \u00e8 la prima volta che lo visitano o se sono visitatori frequenti.<\/p><p data-sanitized-data-mce-fragment=\"1\">\u00a0<\/p><p data-sanitized-data-mce-fragment=\"1\">Utilizziamo i seguenti cookie per ottimizzare la tua esperienza sul nostro sito e per fornire i nostri servizi.<\/p><p data-sanitized-data-mce-fragment=\"1\">\u00a0<\/p><p data-sanitized-data-mce-fragment=\"1\">\u00a0<\/p><p data-sanitized-data-mce-fragment=\"1\">\u00a0<\/p><p data-sanitized-data-mce-fragment=\"1\">\u00a0<\/p><p data-sanitized-data-mce-fragment=\"1\">La durata della permanenza di un cookie sul tuo computer o dispositivo mobile dipende dal fatto che si tratti di un cookie &#8220;persistente&#8221; o &#8220;di sessione&#8221;. I cookie di sessione durano finch\u00e9 non si interrompe la navigazione, mentre i cookie persistenti durano finch\u00e9 non scadono o vengono eliminati. La maggior parte dei cookie che utilizziamo sono persistenti e scadranno tra i 30 minuti e i due anni dalla data in cui sono stati scaricati sul suo dispositivo.<\/p><p data-sanitized-data-mce-fragment=\"1\">\u00c8 possibile controllare e gestire i cookie in vari modi. Tieni presente che la rimozione o il blocco dei cookie pu\u00f2 avere un impatto negativo sulla tua esperienza utente e alcune parti del nostro sito potrebbero non essere pi\u00f9 completamente accessibili.<\/p><p data-sanitized-data-mce-fragment=\"1\">La maggior parte dei browser accetta automaticamente i cookie, ma \u00e8 possibile scegliere se accettare o meno i cookie attraverso i controlli del browser, spesso presenti nel menu &#8220;Strumenti&#8221; o &#8220;Preferenze&#8221; del browser. Per ulteriori informazioni su come modificare le impostazioni del browser o su come bloccare, gestire o filtrare i cookie si pu\u00f2 trovare nel file di aiuto del browser o attraverso siti come www.allaboutcookies.org.<\/p><p data-sanitized-data-mce-fragment=\"1\">Inoltre, si prega di notare che il blocco dei cookie potrebbe non impedire completamente la condivisione di informazioni con terze parti come i nostri partner pubblicitari. Per esercitare i tuoi diritti o rinunciare a certi usi delle tue informazioni da parte di queste parti, segui le istruzioni nella sezione &#8220;Behavioural Advertising&#8221; di cui sopra.<\/p><p data-sanitized-data-mce-fragment=\"1\"><strong data-sanitized-data-mce-fragment=\"1\">Opzione &#8220;Non tracciare&#8221;<\/strong><\/p><p data-sanitized-data-mce-fragment=\"1\">Si prega di notare che, poich\u00e9 non esiste una comprensione coerente del settore su come rispondere ai segnali &#8220;Do Not Track&#8221;, non alteriamo la nostra raccolta di dati e le pratiche di utilizzo quando rileviamo un tale segnale dal tuo browser.<\/p><p data-sanitized-data-mce-fragment=\"1\"><strong data-sanitized-data-mce-fragment=\"1\">Modifiche<\/strong><\/p><p data-sanitized-data-mce-fragment=\"1\">Possiamo aggiornare di tanto in tanto questa Informativa sulla privacy per riflettere, ad esempio, le modifiche alle nostre pratiche o per altre ragioni operative, legali o normative.<\/p><p data-sanitized-data-mce-fragment=\"1\">\u00a0<\/p><p data-sanitized-data-mce-fragment=\"1\"><strong data-sanitized-data-mce-fragment=\"1\">Contact<\/strong><\/p><p data-sanitized-data-mce-fragment=\"1\">Per ulteriori informazioni sulle nostre pratiche in materia di privacy, se avete domande, o se volete fare un reclamo, vi preghiamo di contattarci via e-mail o per posta utilizzando i dettagli forniti di seguito:<\/p><p data-sanitized-data-mce-fragment=\"1\">\u00a0<\/p><p data-sanitized-data-mce-fragment=\"1\">Ultimo aggiornamento: aprile 2021.<\/p>\t\t\t\t\t\t<\/div>\n\t\t\t\t<\/div>\n\t\t\t\t\t<\/div>\n\t\t<\/div>\n\t\t\t\t\t\t\t<\/div>\n\t\t<\/section>\n\t\t\t\t<section class=\"elementor-section elementor-top-section elementor-element elementor-element-9193c81 elementor-section-boxed elementor-section-height-default elementor-section-height-default\" data-id=\"9193c81\" data-element_type=\"section\">\n\t\t\t\t\t\t<div class=\"elementor-container elementor-column-gap-default\">\n\t\t\t\t\t<div class=\"elementor-column elementor-col-100 elementor-top-column elementor-element elementor-element-d5daca7\" data-id=\"d5daca7\" data-element_type=\"column\">\n\t\t\t<div class=\"elementor-widget-wrap elementor-element-populated\">\n\t\t\t\t\t\t\t\t<div class=\"elementor-element elementor-element-f8a0d58 elementor-align-center elementor-widget elementor-widget-button\" data-id=\"f8a0d58\" data-element_type=\"widget\" data-widget_type=\"button.default\">\n\t\t\t\t<div class=\"elementor-widget-container\">\n\t\t\t\t\t<div class=\"elementor-button-wrapper\">\n\t\t\t<a href=\"https:\/\/mariateresaperlottiarte.it\/en\/\" class=\"elementor-button-link elementor-button elementor-size-sm\" role=\"button\">\n\t\t\t\t\t\t<span class=\"elementor-button-content-wrapper\">\n\t\t\t\t\t\t<span class=\"elementor-button-text\">back to home<\/span>\n\t\t<\/span>\n\t\t\t\t\t<\/a>\n\t\t<\/div>\n\t\t\t\t<\/div>\n\t\t\t\t<\/div>\n\t\t\t\t\t<\/div>\n\t\t<\/div>\n\t\t\t\t\t\t\t<\/div>\n\t\t<\/section>\n\t\t\t\t\t\t\t<\/div>","protected":false},"excerpt":{"rendered":"<p>Privacy policy Questa Informativa sulla Privacy descrive come questo sito www.mariateresaperlottiarte.com\u00a0raccoglie, usa e divulga le tue Informazioni Personali quando visiti o fai un acquisto dal Sito. Titolare del trattamenti dei dati ai sensi del Regolamento UE 2016\/679 del Parlamento Europeo e del Consiglio del 27 aprile 2016 e successime modifiche e integrazioni \u00e8:\u00a0 \u00a0 Raccolta &hellip;<\/p>\n<p class=\"read-more\"> <a class=\"\" href=\"https:\/\/mariateresaperlottiarte.it\/en\/privacy-policy\/\"> <span class=\"screen-reader-text\">Privacy Policy<\/span> Read More &raquo;<\/a><\/p>","protected":false},"author":1,"featured_media":0,"parent":0,"menu_order":0,"comment_status":"closed","ping_status":"closed","template":"","meta":{"footnotes":""},"class_list":["post-2110","page","type-page","status-publish","hentry"],"_links":{"self":[{"href":"https:\/\/mariateresaperlottiarte.it\/en\/wp-json\/wp\/v2\/pages\/2110","targetHints":{"allow":["GET"]}}],"collection":[{"href":"https:\/\/mariateresaperlottiarte.it\/en\/wp-json\/wp\/v2\/pages"}],"about":[{"href":"https:\/\/mariateresaperlottiarte.it\/en\/wp-json\/wp\/v2\/types\/page"}],"author":[{"embeddable":true,"href":"https:\/\/mariateresaperlottiarte.it\/en\/wp-json\/wp\/v2\/users\/1"}],"replies":[{"embeddable":true,"href":"https:\/\/mariateresaperlottiarte.it\/en\/wp-json\/wp\/v2\/comments?post=2110"}],"version-history":[{"count":14,"href":"https:\/\/mariateresaperlottiarte.it\/en\/wp-json\/wp\/v2\/pages\/2110\/revisions"}],"predecessor-version":[{"id":2550,"href":"https:\/\/mariateresaperlottiarte.it\/en\/wp-json\/wp\/v2\/pages\/2110\/revisions\/2550"}],"wp:attachment":[{"href":"https:\/\/mariateresaperlottiarte.it\/en\/wp-json\/wp\/v2\/media?parent=2110"}],"curies":[{"name":"wp","href":"https:\/\/api.w.org\/{rel}","templated":true}]}}